{"id":105,"date":"2017-09-24T05:47:07","date_gmt":"2017-09-24T05:47:07","guid":{"rendered":"https:\/\/www.nevrohfx.com\/de\/find-a-physician\/"},"modified":"2024-03-18T22:51:04","modified_gmt":"2024-03-18T22:51:04","slug":"arztsuche","status":"publish","type":"page","link":"https:\/\/www.nevrohfx.com\/de\/arztsuche\/","title":{"rendered":"ARZTSUCHE"},"content":{"rendered":"","protected":false},"excerpt":{"rendered":"","protected":false},"author":1,"featured_media":0,"parent":0,"menu_order":0,"comment_status":"closed","ping_status":"closed","template":"template-map.blade.php","meta":{"_acf_changed":false},"class_list":["post-105","page","type-page","status-publish","hentry"],"acf":[],"yoast_head":"<!-- This site is optimized with the Yoast SEO plugin v26.9 - https:\/\/yoast.com\/product\/yoast-seo-wordpress\/ -->\n<title>ARZTSUCHE - HFX<\/title>\n<meta name=\"description\" content=\"88% der HF10 Patienten sind unabh\u00e4ngiger aufgrund geringerer Schmerzen. Finden Sie ein HF10 Zentrum in Ihrer N\u00e4he.\" \/>\n<meta name=\"robots\" content=\"index, follow, max-snippet:-1, max-image-preview:large, max-video-preview:-1\" \/>\n<link rel=\"canonical\" href=\"https:\/\/www.nevrohfx.com\/de\/arztsuche\/\" \/>\n<meta property=\"og:locale\" content=\"de_DE\" \/>\n<meta property=\"og:type\" content=\"article\" \/>\n<meta property=\"og:title\" content=\"\u00c4rzte in Ihrer N\u00e4he\" \/>\n<meta property=\"og:description\" content=\"88% der HF10 Patienten sind unabh\u00e4ngiger aufgrund geringerer Schmerzen. Finden Sie ein HF10 Zentrum in Ihrer N\u00e4he.\" \/>\n<meta property=\"og:url\" content=\"https:\/\/www.nevrohfx.com\/de\/arztsuche\/\" \/>\n<meta property=\"og:site_name\" content=\"German\" \/>\n<meta property=\"article:modified_time\" content=\"2024-03-18T22:51:04+00:00\" \/>\n<meta property=\"og:image\" content=\"https:\/\/www.nevrohfx.com\/app\/uploads\/sites\/8\/2020\/12\/Screen-Shot-2020-12-04-at-10.31.43-AM.png\" \/>\n\t<meta property=\"og:image:width\" content=\"1246\" \/>\n\t<meta property=\"og:image:height\" content=\"692\" \/>\n\t<meta property=\"og:image:type\" content=\"image\/png\" \/>\n<meta name=\"twitter:card\" content=\"summary_large_image\" \/>\n<meta name=\"twitter:title\" content=\"\u00c4rzte in Ihrer N\u00e4he\" \/>\n<meta name=\"twitter:description\" content=\"88% der HF10 Patienten sind unabh\u00e4ngiger aufgrund geringerer Schmerzen. Finden Sie ein HF10 Zentrum in Ihrer N\u00e4he.\" \/>\n<meta name=\"twitter:image\" content=\"https:\/\/www.nevrohfx.com\/app\/uploads\/sites\/8\/2020\/12\/Screen-Shot-2020-12-04-at-10.31.43-AM.png\" \/>\n<script type=\"application\/ld+json\" class=\"yoast-schema-graph\">{\"@context\":\"https:\/\/schema.org\",\"@graph\":[{\"@type\":\"WebPage\",\"@id\":\"https:\/\/www.nevrohfx.com\/de\/arztsuche\/\",\"url\":\"https:\/\/www.nevrohfx.com\/de\/arztsuche\/\",\"name\":\"ARZTSUCHE - HFX\",\"isPartOf\":{\"@id\":\"https:\/\/www.nevrohfx.com\/de\/#website\"},\"datePublished\":\"2017-09-24T05:47:07+00:00\",\"dateModified\":\"2024-03-18T22:51:04+00:00\",\"description\":\"88% der HF10 Patienten sind unabh\u00e4ngiger aufgrund geringerer Schmerzen. Finden Sie ein HF10 Zentrum in Ihrer N\u00e4he.\",\"breadcrumb\":{\"@id\":\"https:\/\/www.nevrohfx.com\/de\/arztsuche\/#breadcrumb\"},\"inLanguage\":\"en-US\",\"potentialAction\":[{\"@type\":\"ReadAction\",\"target\":[\"https:\/\/www.nevrohfx.com\/de\/arztsuche\/\"]}]},{\"@type\":\"BreadcrumbList\",\"@id\":\"https:\/\/www.nevrohfx.com\/de\/arztsuche\/#breadcrumb\",\"itemListElement\":[{\"@type\":\"ListItem\",\"position\":1,\"name\":\"Home\",\"item\":\"https:\/\/www.nevrohfx.com\/de\/\"},{\"@type\":\"ListItem\",\"position\":2,\"name\":\"ARZTSUCHE\"}]},{\"@type\":\"WebSite\",\"@id\":\"https:\/\/www.nevrohfx.com\/de\/#website\",\"url\":\"https:\/\/www.nevrohfx.com\/de\/\",\"name\":\"German\",\"description\":\"\",\"potentialAction\":[{\"@type\":\"SearchAction\",\"target\":{\"@type\":\"EntryPoint\",\"urlTemplate\":\"https:\/\/www.nevrohfx.com\/de\/?s={search_term_string}\"},\"query-input\":{\"@type\":\"PropertyValueSpecification\",\"valueRequired\":true,\"valueName\":\"search_term_string\"}}],\"inLanguage\":\"en-US\"}]}<\/script>\n<!-- \/ Yoast SEO plugin. -->","yoast_head_json":{"title":"ARZTSUCHE - HFX","description":"88% der HF10 Patienten sind unabh\u00e4ngiger aufgrund geringerer Schmerzen. Finden Sie ein HF10 Zentrum in Ihrer N\u00e4he.","robots":{"index":"index","follow":"follow","max-snippet":"max-snippet:-1","max-image-preview":"max-image-preview:large","max-video-preview":"max-video-preview:-1"},"canonical":"https:\/\/www.nevrohfx.com\/de\/arztsuche\/","og_locale":"de_DE","og_type":"article","og_title":"\u00c4rzte in Ihrer N\u00e4he","og_description":"88% der HF10 Patienten sind unabh\u00e4ngiger aufgrund geringerer Schmerzen. Finden Sie ein HF10 Zentrum in Ihrer N\u00e4he.","og_url":"https:\/\/www.nevrohfx.com\/de\/arztsuche\/","og_site_name":"German","article_modified_time":"2024-03-18T22:51:04+00:00","og_image":[{"width":1246,"height":692,"url":"https:\/\/www.nevrohfx.com\/app\/uploads\/sites\/8\/2020\/12\/Screen-Shot-2020-12-04-at-10.31.43-AM.png","type":"image\/png"}],"twitter_card":"summary_large_image","twitter_title":"\u00c4rzte in Ihrer N\u00e4he","twitter_description":"88% der HF10 Patienten sind unabh\u00e4ngiger aufgrund geringerer Schmerzen. Finden Sie ein HF10 Zentrum in Ihrer N\u00e4he.","twitter_image":"https:\/\/www.nevrohfx.com\/app\/uploads\/sites\/8\/2020\/12\/Screen-Shot-2020-12-04-at-10.31.43-AM.png","schema":{"@context":"https:\/\/schema.org","@graph":[{"@type":"WebPage","@id":"https:\/\/www.nevrohfx.com\/de\/arztsuche\/","url":"https:\/\/www.nevrohfx.com\/de\/arztsuche\/","name":"ARZTSUCHE - HFX","isPartOf":{"@id":"https:\/\/www.nevrohfx.com\/de\/#website"},"datePublished":"2017-09-24T05:47:07+00:00","dateModified":"2024-03-18T22:51:04+00:00","description":"88% der HF10 Patienten sind unabh\u00e4ngiger aufgrund geringerer Schmerzen. Finden Sie ein HF10 Zentrum in Ihrer N\u00e4he.","breadcrumb":{"@id":"https:\/\/www.nevrohfx.com\/de\/arztsuche\/#breadcrumb"},"inLanguage":"en-US","potentialAction":[{"@type":"ReadAction","target":["https:\/\/www.nevrohfx.com\/de\/arztsuche\/"]}]},{"@type":"BreadcrumbList","@id":"https:\/\/www.nevrohfx.com\/de\/arztsuche\/#breadcrumb","itemListElement":[{"@type":"ListItem","position":1,"name":"Home","item":"https:\/\/www.nevrohfx.com\/de\/"},{"@type":"ListItem","position":2,"name":"ARZTSUCHE"}]},{"@type":"WebSite","@id":"https:\/\/www.nevrohfx.com\/de\/#website","url":"https:\/\/www.nevrohfx.com\/de\/","name":"German","description":"","potentialAction":[{"@type":"SearchAction","target":{"@type":"EntryPoint","urlTemplate":"https:\/\/www.nevrohfx.com\/de\/?s={search_term_string}"},"query-input":{"@type":"PropertyValueSpecification","valueRequired":true,"valueName":"search_term_string"}}],"inLanguage":"en-US"}]}},"_links":{"self":[{"href":"https:\/\/www.nevrohfx.com\/de\/wp-json\/wp\/v2\/pages\/105","targetHints":{"allow":["GET"]}}],"collection":[{"href":"https:\/\/www.nevrohfx.com\/de\/wp-json\/wp\/v2\/pages"}],"about":[{"href":"https:\/\/www.nevrohfx.com\/de\/wp-json\/wp\/v2\/types\/page"}],"author":[{"embeddable":true,"href":"https:\/\/www.nevrohfx.com\/de\/wp-json\/wp\/v2\/users\/1"}],"replies":[{"embeddable":true,"href":"https:\/\/www.nevrohfx.com\/de\/wp-json\/wp\/v2\/comments?post=105"}],"version-history":[{"count":10,"href":"https:\/\/www.nevrohfx.com\/de\/wp-json\/wp\/v2\/pages\/105\/revisions"}],"predecessor-version":[{"id":950,"href":"https:\/\/www.nevrohfx.com\/de\/wp-json\/wp\/v2\/pages\/105\/revisions\/950"}],"wp:attachment":[{"href":"https:\/\/www.nevrohfx.com\/de\/wp-json\/wp\/v2\/media?parent=105"}],"curies":[{"name":"wp","href":"https:\/\/api.w.org\/{rel}","templated":true}]}}